{"id":174,"date":"2024-03-19T19:03:30","date_gmt":"2024-03-19T18:03:30","guid":{"rendered":"https:\/\/enlaw.dk\/?page_id=174"},"modified":"2026-03-24T19:05:43","modified_gmt":"2026-03-24T18:05:43","slug":"presse","status":"publish","type":"page","link":"https:\/\/enlaw.dk\/en\/presse\/","title":{"rendered":"Press"},"content":{"rendered":"<p class=\"wp-block-paragraph\"><strong>Here is an article about the Aarhus Convention and legal costs and legal aid in environmental cases.<\/strong><\/p>\n\n\n\n<figure class=\"wp-block-image size-large\"><img data-recalc-dims=\"1\" loading=\"lazy\" decoding=\"async\" width=\"998\" height=\"1458\" data-attachment-id=\"178\" data-permalink=\"https:\/\/enlaw.dk\/en\/presse\/screenshot-2024-03-19-at-19-04-24\/\" data-orig-file=\"https:\/\/i0.wp.com\/enlaw.dk\/wp-content\/uploads\/2024\/03\/screenshot-2024-03-19-at-19.04.24.png?fit=998%2C1458&amp;ssl=1\" data-orig-size=\"998,1458\" data-comments-opened=\"1\" data-image-meta=\"{&quot;aperture&quot;:&quot;0&quot;,&quot;credit&quot;:&quot;&quot;,&quot;camera&quot;:&quot;&quot;,&quot;caption&quot;:&quot;&quot;,&quot;created_timestamp&quot;:&quot;0&quot;,&quot;copyright&quot;:&quot;&quot;,&quot;focal_length&quot;:&quot;0&quot;,&quot;iso&quot;:&quot;0&quot;,&quot;shutter_speed&quot;:&quot;0&quot;,&quot;title&quot;:&quot;&quot;,&quot;orientation&quot;:&quot;0&quot;}\" data-image-title=\"screenshot-2024-03-19-at-19.04.24\" data-image-description=\"\" data-image-caption=\"\" data-large-file=\"https:\/\/i0.wp.com\/enlaw.dk\/wp-content\/uploads\/2024\/03\/screenshot-2024-03-19-at-19.04.24.png?fit=701%2C1024&amp;ssl=1\" src=\"https:\/\/i0.wp.com\/enlaw.dk\/wp-content\/uploads\/2024\/03\/screenshot-2024-03-19-at-19.04.24.png?resize=998%2C1458&#038;ssl=1\" alt=\"\" class=\"wp-image-178\"\/><\/figure>\n\n\n\n<p class=\"wp-block-paragraph\"><a href=\"https:\/\/enlaw.dk\/wp-content\/uploads\/2026\/03\/5381-bogen-21-Eskil-Nielsen.pdf\" data-type=\"link\" data-id=\"https:\/\/enlaw.dk\/wp-content\/uploads\/2026\/03\/5381-bogen-21-Eskil-Nielsen.pdf\">To article<\/a><\/p>\n\n\n\n<p class=\"wp-block-paragraph\">_________________________________________________________________________________________<\/p>\n\n\n\n<h1 class=\"wp-block-heading\">How an Artificial Island in Denmark Became One of Europe&#8217;s Most Controversial Climate Projects<\/h1>\n\n\n\n<p class=\"wp-block-paragraph\">A<a href=\"https:\/\/time.com\/6264861\/copenhagen-lynetteholm-artificial-island-climate-change\/?fbclid=IwAR0hIaBwAc5g7UFeioJa6joDu8urp8IDAse01aGZXPGJcXWY7iwLpWW4dj8\">&nbsp;Regarding the Climate Movement in Denmark\u2019s request on March 22, 2023, for the High Court to put Lynetteholm on hold, the case is put into perspective in Time.<\/a>&nbsp;<\/p>\n\n\n\n<p class=\"wp-block-paragraph\"><\/p>","protected":false},"excerpt":{"rendered":"<p>Her artikel om \u00c5rhuskonventionen og sagsomkostninger og retshj\u00e6lp i milj\u00f8sager Link til artikel. _________________________________________________________________________________________ How an Artificial Island in Denmark Became One of Europe&#8217;s Most Controversial Climate Projects A&nbsp;propos at&nbsp;Klimabev\u00e6gelsen i Danmark&nbsp;22. marts 2023 bad landsretten s\u00e6tte Lynetteholm p\u00e5 pause perspektiveres sagen i Time.&nbsp;<\/p>","protected":false},"author":246782560,"featured_media":0,"parent":0,"menu_order":0,"comment_status":"closed","ping_status":"closed","template":"","meta":{"_crdt_document":"","advanced_seo_description":"","jetpack_seo_html_title":"","jetpack_seo_noindex":false,"footnotes":""},"class_list":["post-174","page","type-page","status-publish","hentry"],"jetpack_likes_enabled":true,"jetpack_sharing_enabled":true,"jetpack_shortlink":"https:\/\/wp.me\/PfxCNS-2O","jetpack-related-posts":[],"_links":{"self":[{"href":"https:\/\/enlaw.dk\/en\/wp-json\/wp\/v2\/pages\/174","targetHints":{"allow":["GET"]}}],"collection":[{"href":"https:\/\/enlaw.dk\/en\/wp-json\/wp\/v2\/pages"}],"about":[{"href":"https:\/\/enlaw.dk\/en\/wp-json\/wp\/v2\/types\/page"}],"author":[{"embeddable":true,"href":"https:\/\/enlaw.dk\/en\/wp-json\/wp\/v2\/users\/246782560"}],"replies":[{"embeddable":true,"href":"https:\/\/enlaw.dk\/en\/wp-json\/wp\/v2\/comments?post=174"}],"version-history":[{"count":5,"href":"https:\/\/enlaw.dk\/en\/wp-json\/wp\/v2\/pages\/174\/revisions"}],"predecessor-version":[{"id":452,"href":"https:\/\/enlaw.dk\/en\/wp-json\/wp\/v2\/pages\/174\/revisions\/452"}],"wp:attachment":[{"href":"https:\/\/enlaw.dk\/en\/wp-json\/wp\/v2\/media?parent=174"}],"curies":[{"name":"wp","href":"https:\/\/api.w.org\/{rel}","templated":true}]}}